{"id":479,"date":"2024-07-21T11:35:10","date_gmt":"2024-07-21T14:35:10","guid":{"rendered":"https:\/\/nudomacrame.com.br\/?post_type=product&#038;p=479"},"modified":"2024-07-21T12:03:13","modified_gmt":"2024-07-21T15:03:13","slug":"painel-folhas-2","status":"publish","type":"product","link":"https:\/\/nudomacrame.com.br\/?product=painel-folhas-2","title":{"rendered":"Painel Folhas 2"},"content":{"rendered":"<p>Dimens\u00f5es da pe\u00e7a:<\/p>\n<p><span class=\"OYPEnA text-decoration-none text-strikethrough-none\">67&#215;60 cm (LxA)<\/span><\/p>\n<p>Material:<\/p>\n<p>Galho natural, barbante 100% algod\u00e3o desfiado detalhes em fio de rami.<\/p>\n<p>Cores dispon\u00edveis:<\/p>\n<p>Cores da imagem &#8211; 1 pe\u00e7a pronta entrega<\/p>\n","protected":false},"excerpt":{"rendered":"<p>Painel Folhas \u00e9 um painel muito adorado no macrame, sua cor em verde esmeralda traz um toque de eleg\u00e2ncia para o ambiente. Pode ser usado em composi\u00e7\u00e3o com outras pe\u00e7as como quadros ou plantas, na sala, no home office, no quarto, no hall de entrada ou onde mais sua imagina\u00e7\u00e3o permitir.<\/p>\n<p>Por se tratar de uma pe\u00e7a 100% feita a m\u00e3o devemos ressaltar que o tempo e dedica\u00e7\u00e3o, assim como uso de material adequado interferem diretamente no resultado final da pe\u00e7a, a Nudo garante a qualidade do produto, por\u00e9m n\u00e3o podemos garantir que uma pe\u00e7a seja exatamente igual a outra.<\/p>\n","protected":false},"featured_media":484,"comment_status":"open","ping_status":"closed","template":"","meta":[],"product_brand":[],"product_cat":[18],"product_tag":[],"class_list":{"0":"post-479","1":"product","2":"type-product","3":"status-publish","4":"has-post-thumbnail","6":"product_cat-painel","8":"first","9":"instock","10":"shipping-taxable","11":"purchasable","12":"product-type-simple"},"jetpack_sharing_enabled":true,"_links":{"self":[{"href":"https:\/\/nudomacrame.com.br\/index.php?rest_route=\/wp\/v2\/product\/479","targetHints":{"allow":["GET"]}}],"collection":[{"href":"https:\/\/nudomacrame.com.br\/index.php?rest_route=\/wp\/v2\/product"}],"about":[{"href":"https:\/\/nudomacrame.com.br\/index.php?rest_route=\/wp\/v2\/types\/product"}],"replies":[{"embeddable":true,"href":"https:\/\/nudomacrame.com.br\/index.php?rest_route=%2Fwp%2Fv2%2Fcomments&post=479"}],"wp:featuredmedia":[{"embeddable":true,"href":"https:\/\/nudomacrame.com.br\/index.php?rest_route=\/wp\/v2\/media\/484"}],"wp:attachment":[{"href":"https:\/\/nudomacrame.com.br\/index.php?rest_route=%2Fwp%2Fv2%2Fmedia&parent=479"}],"wp:term":[{"taxonomy":"product_brand","embeddable":true,"href":"https:\/\/nudomacrame.com.br\/index.php?rest_route=%2Fwp%2Fv2%2Fproduct_brand&post=479"},{"taxonomy":"product_cat","embeddable":true,"href":"https:\/\/nudomacrame.com.br\/index.php?rest_route=%2Fwp%2Fv2%2Fproduct_cat&post=479"},{"taxonomy":"product_tag","embeddable":true,"href":"https:\/\/nudomacrame.com.br\/index.php?rest_route=%2Fwp%2Fv2%2Fproduct_tag&post=479"}],"curies":[{"name":"wp","href":"https:\/\/api.w.org\/{rel}","templated":true}]}}