{"id":178,"date":"2024-03-17T18:16:21","date_gmt":"2024-03-17T21:16:21","guid":{"rendered":"https:\/\/nudomacrame.com.br\/?post_type=product&#038;p=178"},"modified":"2024-06-02T19:30:44","modified_gmt":"2024-06-02T22:30:44","slug":"painel-mar","status":"publish","type":"product","link":"https:\/\/nudomacrame.com.br\/?product=painel-mar","title":{"rendered":"Painel Mar"},"content":{"rendered":"<p>Dimens\u00f5es da pe\u00e7a:<\/p>\n<p><span class=\"OYPEnA text-decoration-none text-strikethrough-none\">50&#215;85 cm (LxA)<\/span><\/p>\n<p>Material:<\/p>\n<p>Cavilha de pinus, cord\u00e3o de algod\u00e3o 5mm e demais fios variados.<\/p>\n<p>Cores dispon\u00edveis:<\/p>\n<p>Apenas cores da imagem &#8211; 1 pe\u00e7a pronta entrega<\/p>\n","protected":false},"excerpt":{"rendered":"<p>Painel Mar \u00e9 um painel feito com t\u00e9cnica de tape\u00e7aria que remete ao mar, por suas texturas, cores e formas organicas, os tons de azuis junto com o cru traz uma sensa\u00e7\u00e3o de calmaria e uma neutralidade para pe\u00e7a. Pode ser usado em composi\u00e7\u00e3o com outras pe\u00e7as como quadros ou plantas, na sala, no home office, no quarto, no hall de entrada ou onde mais sua imagina\u00e7\u00e3o permitir.<\/p>\n<p>Por se tratar de uma pe\u00e7a 100% feita a m\u00e3o devemos ressaltar que o tempo e dedica\u00e7\u00e3o, assim como uso de material adequado interferem diretamente no resultado final da pe\u00e7a, a Nudo garante a qualidade do produto, por\u00e9m n\u00e3o podemos garantir que uma pe\u00e7a seja exatamente igual a outra.<\/p>\n","protected":false},"featured_media":457,"comment_status":"open","ping_status":"closed","template":"","meta":[],"product_brand":[],"product_cat":[18],"product_tag":[],"class_list":{"0":"post-178","1":"product","2":"type-product","3":"status-publish","4":"has-post-thumbnail","6":"product_cat-painel","8":"first","9":"instock","10":"shipping-taxable","11":"purchasable","12":"product-type-simple"},"jetpack_sharing_enabled":true,"_links":{"self":[{"href":"https:\/\/nudomacrame.com.br\/index.php?rest_route=\/wp\/v2\/product\/178","targetHints":{"allow":["GET"]}}],"collection":[{"href":"https:\/\/nudomacrame.com.br\/index.php?rest_route=\/wp\/v2\/product"}],"about":[{"href":"https:\/\/nudomacrame.com.br\/index.php?rest_route=\/wp\/v2\/types\/product"}],"replies":[{"embeddable":true,"href":"https:\/\/nudomacrame.com.br\/index.php?rest_route=%2Fwp%2Fv2%2Fcomments&post=178"}],"wp:featuredmedia":[{"embeddable":true,"href":"https:\/\/nudomacrame.com.br\/index.php?rest_route=\/wp\/v2\/media\/457"}],"wp:attachment":[{"href":"https:\/\/nudomacrame.com.br\/index.php?rest_route=%2Fwp%2Fv2%2Fmedia&parent=178"}],"wp:term":[{"taxonomy":"product_brand","embeddable":true,"href":"https:\/\/nudomacrame.com.br\/index.php?rest_route=%2Fwp%2Fv2%2Fproduct_brand&post=178"},{"taxonomy":"product_cat","embeddable":true,"href":"https:\/\/nudomacrame.com.br\/index.php?rest_route=%2Fwp%2Fv2%2Fproduct_cat&post=178"},{"taxonomy":"product_tag","embeddable":true,"href":"https:\/\/nudomacrame.com.br\/index.php?rest_route=%2Fwp%2Fv2%2Fproduct_tag&post=178"}],"curies":[{"name":"wp","href":"https:\/\/api.w.org\/{rel}","templated":true}]}}