{"id":173,"date":"2024-03-17T18:10:57","date_gmt":"2024-03-17T21:10:57","guid":{"rendered":"https:\/\/nudomacrame.com.br\/?post_type=product&#038;p=173"},"modified":"2024-08-26T11:25:35","modified_gmt":"2024-08-26T14:25:35","slug":"painel-celta","status":"publish","type":"product","link":"https:\/\/nudomacrame.com.br\/?product=painel-celta","title":{"rendered":"Painel Celta"},"content":{"rendered":"<p>Dimens\u00f5es da pe\u00e7a:<br \/>\n<span class=\"OYPEnA text-decoration-none text-strikethrough-none\">25x55x 4,5 cm (LxAxP)<\/span><\/p>\n<p>Material:<\/p>\n<p>Barbante 24 fios 85% algod\u00e3o e 15% fibras recicladas e fio encerado.<\/p>\n<p>Cores dispon\u00edveis:<\/p>\n<p>Apenas cores da imagem &#8211; 1pe\u00e7a pronta entrega<\/p>\n<p>&nbsp;<\/p>\n","protected":false},"excerpt":{"rendered":"<p>Painel Celta \u00e9 um painel executado com a t\u00e9cnica de fiber emballage, \u00e9 um painel, que expressa mais alegria e criatividade por sua composi\u00e7\u00e3o de cores, preservado em um moldura na cor branca para trazer um toque de eleg\u00e2ncia \u00e0 pe\u00e7a. Pode ser usado em composi\u00e7\u00e3o com outras pe\u00e7as como quadros ou plantas, na sala, no home office, no quarto, no hall de entrada ou onde mais sua imagina\u00e7\u00e3o permitir.<\/p>\n<p>Por se tratar de uma pe\u00e7a 100% feita a m\u00e3o devemos ressaltar que o tempo e dedica\u00e7\u00e3o, assim como uso de material adequado interferem diretamente no resultado final da pe\u00e7a, a Nudo garante a qualidade do produto, por\u00e9m n\u00e3o podemos garantir que uma pe\u00e7a seja exatamente igual a outra.<\/p>\n","protected":false},"featured_media":438,"comment_status":"open","ping_status":"closed","template":"","meta":[],"product_brand":[],"product_cat":[18],"product_tag":[],"class_list":{"0":"post-173","1":"product","2":"type-product","3":"status-publish","4":"has-post-thumbnail","6":"product_cat-painel","8":"first","9":"instock","10":"shipping-taxable","11":"purchasable","12":"product-type-simple"},"jetpack_sharing_enabled":true,"_links":{"self":[{"href":"https:\/\/nudomacrame.com.br\/index.php?rest_route=\/wp\/v2\/product\/173","targetHints":{"allow":["GET"]}}],"collection":[{"href":"https:\/\/nudomacrame.com.br\/index.php?rest_route=\/wp\/v2\/product"}],"about":[{"href":"https:\/\/nudomacrame.com.br\/index.php?rest_route=\/wp\/v2\/types\/product"}],"replies":[{"embeddable":true,"href":"https:\/\/nudomacrame.com.br\/index.php?rest_route=%2Fwp%2Fv2%2Fcomments&post=173"}],"wp:featuredmedia":[{"embeddable":true,"href":"https:\/\/nudomacrame.com.br\/index.php?rest_route=\/wp\/v2\/media\/438"}],"wp:attachment":[{"href":"https:\/\/nudomacrame.com.br\/index.php?rest_route=%2Fwp%2Fv2%2Fmedia&parent=173"}],"wp:term":[{"taxonomy":"product_brand","embeddable":true,"href":"https:\/\/nudomacrame.com.br\/index.php?rest_route=%2Fwp%2Fv2%2Fproduct_brand&post=173"},{"taxonomy":"product_cat","embeddable":true,"href":"https:\/\/nudomacrame.com.br\/index.php?rest_route=%2Fwp%2Fv2%2Fproduct_cat&post=173"},{"taxonomy":"product_tag","embeddable":true,"href":"https:\/\/nudomacrame.com.br\/index.php?rest_route=%2Fwp%2Fv2%2Fproduct_tag&post=173"}],"curies":[{"name":"wp","href":"https:\/\/api.w.org\/{rel}","templated":true}]}}