{"id":168,"date":"2024-03-17T18:02:53","date_gmt":"2024-03-17T21:02:53","guid":{"rendered":"https:\/\/nudomacrame.com.br\/?post_type=product&#038;p=168"},"modified":"2024-06-02T19:29:37","modified_gmt":"2024-06-02T22:29:37","slug":"painel-leveza","status":"publish","type":"product","link":"https:\/\/nudomacrame.com.br\/?product=painel-leveza","title":{"rendered":"Painel Leveza"},"content":{"rendered":"<p>Dimens\u00f5es da pe\u00e7a:<\/p>\n<p><span class=\"OYPEnA text-decoration-none text-strikethrough-none\">72&#215;72 cm (LxA)<\/span><\/p>\n<p>Material<\/p>\n<p>Galho natural e barbante 24 fios 85% algod\u00e3o e 15% fibras recicladas.<\/p>\n<p>Cores dispon\u00edveis:<\/p>\n<p>Cru &#8211; 1 pe\u00e7a pronta entrega<\/p>\n","protected":false},"excerpt":{"rendered":"<p>Painel Leveza \u00e9 um painel estilo boho cl\u00e1ssico do macrame na cor cru que traz um toque de elegancia e versatilidade, trazendo um toque acolhedor para aquele espa\u00e7o ainda vazio. Pode ser usado em composi\u00e7\u00e3o com outras pe\u00e7as como quadros ou plantas, na sala, no home office, no quarto, no hall de entrada ou onde mais sua imagina\u00e7\u00e3o permitir.<\/p>\n<p>Por se tratar de uma pe\u00e7a 100% feita a m\u00e3o devemos ressaltar que o tempo e dedica\u00e7\u00e3o, assim como uso de material adequado interferem diretamente no resultado final da pe\u00e7a, a Nudo garante a qualidade do produto, por\u00e9m n\u00e3o podemos garantir que uma pe\u00e7a seja exatamente igual a outra.<\/p>\n","protected":false},"featured_media":456,"comment_status":"open","ping_status":"closed","template":"","meta":[],"product_brand":[],"product_cat":[18],"product_tag":[],"class_list":{"0":"post-168","1":"product","2":"type-product","3":"status-publish","4":"has-post-thumbnail","6":"product_cat-painel","8":"first","9":"instock","10":"shipping-taxable","11":"purchasable","12":"product-type-simple"},"jetpack_sharing_enabled":true,"_links":{"self":[{"href":"https:\/\/nudomacrame.com.br\/index.php?rest_route=\/wp\/v2\/product\/168","targetHints":{"allow":["GET"]}}],"collection":[{"href":"https:\/\/nudomacrame.com.br\/index.php?rest_route=\/wp\/v2\/product"}],"about":[{"href":"https:\/\/nudomacrame.com.br\/index.php?rest_route=\/wp\/v2\/types\/product"}],"replies":[{"embeddable":true,"href":"https:\/\/nudomacrame.com.br\/index.php?rest_route=%2Fwp%2Fv2%2Fcomments&post=168"}],"wp:featuredmedia":[{"embeddable":true,"href":"https:\/\/nudomacrame.com.br\/index.php?rest_route=\/wp\/v2\/media\/456"}],"wp:attachment":[{"href":"https:\/\/nudomacrame.com.br\/index.php?rest_route=%2Fwp%2Fv2%2Fmedia&parent=168"}],"wp:term":[{"taxonomy":"product_brand","embeddable":true,"href":"https:\/\/nudomacrame.com.br\/index.php?rest_route=%2Fwp%2Fv2%2Fproduct_brand&post=168"},{"taxonomy":"product_cat","embeddable":true,"href":"https:\/\/nudomacrame.com.br\/index.php?rest_route=%2Fwp%2Fv2%2Fproduct_cat&post=168"},{"taxonomy":"product_tag","embeddable":true,"href":"https:\/\/nudomacrame.com.br\/index.php?rest_route=%2Fwp%2Fv2%2Fproduct_tag&post=168"}],"curies":[{"name":"wp","href":"https:\/\/api.w.org\/{rel}","templated":true}]}}