{"id":163,"date":"2024-03-17T17:55:29","date_gmt":"2024-03-17T20:55:29","guid":{"rendered":"https:\/\/nudomacrame.com.br\/?post_type=product&#038;p=163"},"modified":"2024-06-02T19:32:55","modified_gmt":"2024-06-02T22:32:55","slug":"painel-cranio","status":"publish","type":"product","link":"https:\/\/nudomacrame.com.br\/?product=painel-cranio","title":{"rendered":"Painel Cr\u00e2nio"},"content":{"rendered":"<p>Dimens\u00f5es: 52x72x15 cm (LxAxP)<\/p>\n<p>Material:<\/p>\n<p>Cr\u00e2nio bovino, cord\u00e3o 100% algod\u00e3o, fio couro ecol\u00f3gico, pedra pirita e caixa em MDF com pintura automotiva.<\/p>\n<p>Cores dispon\u00edveis:<\/p>\n<p>Apenas cores da imagem &#8211; 1pe\u00e7a pronta entrega<\/p>\n","protected":false},"excerpt":{"rendered":"<p>Um painel imponente e \u00fanico, feito a partir de um cr\u00e2nio bovino com aplica\u00e7\u00e3o de macrame em cord\u00e3o 100% algod\u00e3o e detalhes em fio dourado para harmonizar com a pedra pirita, uma das mais poderosas pedras para atrair prosperidade, a moldura preta fazendo contraste com o cranio da mais imponencia e elegancia \u00e0 pe\u00e7a. Sugere-se a aplica\u00e7\u00e3o como pe\u00e7a de destaque em \u00e1reas goumet, lareiras, salas ou onde mais sua imagina\u00e7\u00e3o permitir.<\/p>\n<p>Pe\u00e7a \u00fanica dispon\u00edvel a pronta entrega, n\u00e3o pode ser feita sob encomenda pois depende a disponibilidade da mat\u00e9ria prima.<\/p>\n","protected":false},"featured_media":440,"comment_status":"open","ping_status":"closed","template":"","meta":[],"product_brand":[],"product_cat":[18],"product_tag":[],"class_list":{"0":"post-163","1":"product","2":"type-product","3":"status-publish","4":"has-post-thumbnail","6":"product_cat-painel","8":"first","9":"instock","10":"shipping-taxable","11":"purchasable","12":"product-type-simple"},"jetpack_sharing_enabled":true,"_links":{"self":[{"href":"https:\/\/nudomacrame.com.br\/index.php?rest_route=\/wp\/v2\/product\/163","targetHints":{"allow":["GET"]}}],"collection":[{"href":"https:\/\/nudomacrame.com.br\/index.php?rest_route=\/wp\/v2\/product"}],"about":[{"href":"https:\/\/nudomacrame.com.br\/index.php?rest_route=\/wp\/v2\/types\/product"}],"replies":[{"embeddable":true,"href":"https:\/\/nudomacrame.com.br\/index.php?rest_route=%2Fwp%2Fv2%2Fcomments&post=163"}],"wp:featuredmedia":[{"embeddable":true,"href":"https:\/\/nudomacrame.com.br\/index.php?rest_route=\/wp\/v2\/media\/440"}],"wp:attachment":[{"href":"https:\/\/nudomacrame.com.br\/index.php?rest_route=%2Fwp%2Fv2%2Fmedia&parent=163"}],"wp:term":[{"taxonomy":"product_brand","embeddable":true,"href":"https:\/\/nudomacrame.com.br\/index.php?rest_route=%2Fwp%2Fv2%2Fproduct_brand&post=163"},{"taxonomy":"product_cat","embeddable":true,"href":"https:\/\/nudomacrame.com.br\/index.php?rest_route=%2Fwp%2Fv2%2Fproduct_cat&post=163"},{"taxonomy":"product_tag","embeddable":true,"href":"https:\/\/nudomacrame.com.br\/index.php?rest_route=%2Fwp%2Fv2%2Fproduct_tag&post=163"}],"curies":[{"name":"wp","href":"https:\/\/api.w.org\/{rel}","templated":true}]}}