{"id":154,"date":"2024-03-17T18:06:47","date_gmt":"2024-03-17T21:06:47","guid":{"rendered":"https:\/\/nudomacrame.com.br\/?post_type=product&#038;p=154"},"modified":"2024-06-02T19:31:58","modified_gmt":"2024-06-02T22:31:58","slug":"painel-lotus-2","status":"publish","type":"product","link":"https:\/\/nudomacrame.com.br\/?product=painel-lotus-2","title":{"rendered":"Painel L\u00f3tus"},"content":{"rendered":"<p>Dimens\u00f5es da pe\u00e7a<\/p>\n<p>73&#215;85 cm (LxA)<\/p>\n<p>Material<\/p>\n<p>Galho natural, barbante 32 fios 85% algod\u00e3o e 15% fibras recicladas com aplica\u00e7\u00e3o de pedra natural.<\/p>\n<p>Cores dispon\u00edveis<\/p>\n<p>Apenas cores da imagem &#8211; 1 pe\u00e7a pronta entrega<\/p>\n","protected":false},"excerpt":{"rendered":"<p>Um painel estilo boho com uma riqueza de detalhes notaveis que trazem fluidez e movimento para a pe\u00e7a, com aplica\u00e7\u00e3o de uma druza de ametista, pedra usada para harmoniza\u00e7\u00e3o de ambientes, auxiliando na harmoniza\u00e7\u00e3o do sistema nervoso dissipando \u00f3dio, raiva medo e ansiedade. Sugere-se o uso como pe\u00e7a de destaque em salas, quartos, ou onde mais sua imagina\u00e7\u00e3o permitir.<\/p>\n<p>Por se tratar de uma pe\u00e7a 100% feita a m\u00e3o devemos ressaltar que o tempo e dedica\u00e7\u00e3o, assim como uso de material adequado interferem diretamente no resultado final da pe\u00e7a, a Nudo garante a qualidade do produto, por\u00e9m n\u00e3o podemos garantir que uma pe\u00e7a seja exatamente igual a outra.<\/p>\n","protected":false},"featured_media":445,"comment_status":"open","ping_status":"closed","template":"","meta":[],"product_brand":[],"product_cat":[18],"product_tag":[],"class_list":{"0":"post-154","1":"product","2":"type-product","3":"status-publish","4":"has-post-thumbnail","6":"product_cat-painel","8":"first","9":"instock","10":"shipping-taxable","11":"purchasable","12":"product-type-simple"},"jetpack_sharing_enabled":true,"_links":{"self":[{"href":"https:\/\/nudomacrame.com.br\/index.php?rest_route=\/wp\/v2\/product\/154","targetHints":{"allow":["GET"]}}],"collection":[{"href":"https:\/\/nudomacrame.com.br\/index.php?rest_route=\/wp\/v2\/product"}],"about":[{"href":"https:\/\/nudomacrame.com.br\/index.php?rest_route=\/wp\/v2\/types\/product"}],"replies":[{"embeddable":true,"href":"https:\/\/nudomacrame.com.br\/index.php?rest_route=%2Fwp%2Fv2%2Fcomments&post=154"}],"wp:featuredmedia":[{"embeddable":true,"href":"https:\/\/nudomacrame.com.br\/index.php?rest_route=\/wp\/v2\/media\/445"}],"wp:attachment":[{"href":"https:\/\/nudomacrame.com.br\/index.php?rest_route=%2Fwp%2Fv2%2Fmedia&parent=154"}],"wp:term":[{"taxonomy":"product_brand","embeddable":true,"href":"https:\/\/nudomacrame.com.br\/index.php?rest_route=%2Fwp%2Fv2%2Fproduct_brand&post=154"},{"taxonomy":"product_cat","embeddable":true,"href":"https:\/\/nudomacrame.com.br\/index.php?rest_route=%2Fwp%2Fv2%2Fproduct_cat&post=154"},{"taxonomy":"product_tag","embeddable":true,"href":"https:\/\/nudomacrame.com.br\/index.php?rest_route=%2Fwp%2Fv2%2Fproduct_tag&post=154"}],"curies":[{"name":"wp","href":"https:\/\/api.w.org\/{rel}","templated":true}]}}